{"id":5436,"date":"2023-11-27T10:29:26","date_gmt":"2023-11-27T09:29:26","guid":{"rendered":"https:\/\/fungex.com\/articles\/"},"modified":"2026-03-26T09:31:12","modified_gmt":"2026-03-26T08:31:12","slug":"articles","status":"publish","type":"page","link":"https:\/\/fungex.com\/sl\/articles\/","title":{"rendered":"Articles"},"content":{"rendered":"[vc_row type=&#8221;full_width_background&#8221; full_screen_row_position=&#8221;middle&#8221; column_margin=&#8221;default&#8221; column_direction=&#8221;default&#8221; column_direction_tablet=&#8221;default&#8221; column_direction_phone=&#8221;default&#8221; bg_color=&#8221;#ffffff&#8221; bg_image=&#8221;292&#8243; bg_position=&#8221;center center&#8221; background_image_loading=&#8221;default&#8221; bg_repeat=&#8221;no-repeat&#8221; scene_position=&#8221;center&#8221; top_padding=&#8221;0&#8243; bottom_padding=&#8221;0&#8243; text_color=&#8221;dark&#8221; text_align=&#8221;left&#8221; row_border_radius=&#8221;none&#8221; row_border_radius_applies=&#8221;bg&#8221; overflow=&#8221;visible&#8221; class=&#8221;element__background&#8211;white block__hidden&#8211;mobile&#8221; overlay_strength=&#8221;0.3&#8243; gradient_direction=&#8221;left_to_right&#8221; shape_divider_position=&#8221;bottom&#8221; bg_image_animation=&#8221;none&#8221; gradient_type=&#8221;default&#8221; shape_type=&#8221;&#8221;][vc_column column_padding=&#8221;no-extra-padding&#8221; column_padding_tablet=&#8221;inherit&#8221; column_padding_phone=&#8221;inherit&#8221; column_padding_position=&#8221;all&#8221; column_element_direction_desktop=&#8221;default&#8221; column_element_spacing=&#8221;default&#8221; desktop_text_alignment=&#8221;default&#8221; tablet_text_alignment=&#8221;default&#8221; phone_text_alignment=&#8221;default&#8221; background_color_opacity=&#8221;1&#8243; background_hover_color_opacity=&#8221;1&#8243; column_backdrop_filter=&#8221;none&#8221; column_shadow=&#8221;none&#8221; column_border_radius=&#8221;none&#8221; column_link_target=&#8221;_self&#8221; column_position=&#8221;default&#8221; gradient_direction=&#8221;left_to_right&#8221; overlay_strength=&#8221;0.3&#8243; width=&#8221;1\/1&#8243; tablet_width_inherit=&#8221;default&#8221; animation_type=&#8221;default&#8221; bg_image_animation=&#8221;none&#8221; border_type=&#8221;simple&#8221; column_border_width=&#8221;none&#8221; column_border_style=&#8221;solid&#8221; column_padding_type=&#8221;default&#8221; gradient_type=&#8221;default&#8221; offset=&#8221;vc_hidden-md vc_hidden-sm vc_hidden-xs&#8221;][divider line_type=&#8221;No Line&#8221; custom_height=&#8221;100&#8243;][\/vc_column][\/vc_row][vc_row type=&#8221;full_width_background&#8221; full_screen_row_position=&#8221;middle&#8221; column_margin=&#8221;default&#8221; column_direction=&#8221;default&#8221; column_direction_tablet=&#8221;default&#8221; column_direction_phone=&#8221;default&#8221; bg_color=&#8221;#fae905&#8243; scene_position=&#8221;center&#8221; top_padding=&#8221;60&#8243; constrain_group_1=&#8221;yes&#8221; bottom_padding=&#8221;60&#8243; text_color=&#8221;dark&#8221; text_align=&#8221;left&#8221; row_border_radius=&#8221;none&#8221; row_border_radius_applies=&#8221;bg&#8221; overflow=&#8221;visible&#8221; class=&#8221;hero__short&#8221; overlay_strength=&#8221;0.3&#8243; gradient_direction=&#8221;left_to_right&#8221; shape_divider_position=&#8221;bottom&#8221; bg_image_animation=&#8221;none&#8221; gradient_type=&#8221;default&#8221; shape_type=&#8221;&#8221;][vc_column column_padding=&#8221;no-extra-padding&#8221; column_padding_tablet=&#8221;inherit&#8221; column_padding_phone=&#8221;inherit&#8221; column_padding_position=&#8221;all&#8221; column_element_direction_desktop=&#8221;default&#8221; column_element_spacing=&#8221;default&#8221; desktop_text_alignment=&#8221;default&#8221; tablet_text_alignment=&#8221;default&#8221; phone_text_alignment=&#8221;default&#8221; background_color_opacity=&#8221;1&#8243; background_hover_color_opacity=&#8221;1&#8243; column_backdrop_filter=&#8221;none&#8221; column_shadow=&#8221;none&#8221; column_border_radius=&#8221;none&#8221; column_link_target=&#8221;_self&#8221; column_position=&#8221;default&#8221; gradient_direction=&#8221;left_to_right&#8221; overlay_strength=&#8221;0.3&#8243; width=&#8221;1\/1&#8243; tablet_width_inherit=&#8221;default&#8221; animation_type=&#8221;default&#8221; bg_image_animation=&#8221;none&#8221; border_type=&#8221;simple&#8221; column_border_width=&#8221;none&#8221; column_border_style=&#8221;solid&#8221;][vc_row_inner column_margin=&#8221;default&#8221; column_direction=&#8221;default&#8221; column_direction_tablet=&#8221;default&#8221; column_direction_phone=&#8221;default&#8221; text_align=&#8221;left&#8221; row_position=&#8221;default&#8221; row_position_tablet=&#8221;inherit&#8221; row_position_phone=&#8221;inherit&#8221; overflow=&#8221;visible&#8221; pointer_events=&#8221;all&#8221;][vc_column_inner column_padding=&#8221;no-extra-padding&#8221; column_padding_tablet=&#8221;inherit&#8221; column_padding_phone=&#8221;inherit&#8221; column_padding_position=&#8221;all&#8221; column_element_direction_desktop=&#8221;default&#8221; column_element_spacing=&#8221;default&#8221; desktop_text_alignment=&#8221;default&#8221; tablet_text_alignment=&#8221;default&#8221; phone_text_alignment=&#8221;default&#8221; background_color_opacity=&#8221;1&#8243; background_hover_color_opacity=&#8221;1&#8243; column_backdrop_filter=&#8221;none&#8221; font_color=&#8221;#1a4481&#8243; column_shadow=&#8221;none&#8221; column_border_radius=&#8221;none&#8221; column_link_target=&#8221;_self&#8221; overflow=&#8221;visible&#8221; gradient_direction=&#8221;left_to_right&#8221; overlay_strength=&#8221;0.3&#8243; width=&#8221;8\/12&#8243; tablet_width_inherit=&#8221;default&#8221; animation_type=&#8221;default&#8221; enable_animation=&#8221;true&#8221; animation=&#8221;fade-in-from-bottom&#8221; animation_easing=&#8221;default&#8221; bg_image_animation=&#8221;none&#8221; border_type=&#8221;simple&#8221; column_border_width=&#8221;none&#8221; column_border_style=&#8221;solid&#8221; column_padding_type=&#8221;default&#8221; gradient_type=&#8221;default&#8221;][vc_column_text]\n<h1 style=\"color: #173a86 !important;\">Everything you need to know<br \/>\n<strong>about Nail Fungus<br \/>\n<\/strong><\/h1>\n[\/vc_column_text][\/vc_column_inner][vc_column_inner column_padding=&#8221;no-extra-padding&#8221; column_padding_tablet=&#8221;inherit&#8221; column_padding_phone=&#8221;inherit&#8221; column_padding_position=&#8221;all&#8221; column_element_direction_desktop=&#8221;default&#8221; column_element_spacing=&#8221;default&#8221; desktop_text_alignment=&#8221;default&#8221; tablet_text_alignment=&#8221;default&#8221; phone_text_alignment=&#8221;default&#8221; background_color_opacity=&#8221;1&#8243; background_hover_color_opacity=&#8221;1&#8243; column_backdrop_filter=&#8221;none&#8221; font_color=&#8221;#1a4481&#8243; column_shadow=&#8221;none&#8221; column_border_radius=&#8221;none&#8221; column_link_target=&#8221;_self&#8221; overflow=&#8221;visible&#8221; gradient_direction=&#8221;left_to_right&#8221; overlay_strength=&#8221;0.3&#8243; width=&#8221;4\/12&#8243; tablet_width_inherit=&#8221;default&#8221; animation_type=&#8221;default&#8221; bg_image_animation=&#8221;none&#8221; border_type=&#8221;simple&#8221; column_border_width=&#8221;none&#8221; column_border_style=&#8221;solid&#8221; column_padding_type=&#8221;default&#8221; gradient_type=&#8221;default&#8221;][vc_column_text]In this blog, you will learn everything you need to know about nail fungus. Find out all about the causes and treatment options and get advice on how to deal with the sympthoms of nail fungus.[\/vc_column_text][\/vc_column_inner][\/vc_row_inner][\/vc_column][\/vc_row][vc_row type=&#8221;in_container&#8221; full_screen_row_position=&#8221;middle&#8221; column_margin=&#8221;default&#8221; column_direction=&#8221;default&#8221; column_direction_tablet=&#8221;default&#8221; column_direction_phone=&#8221;default&#8221; scene_position=&#8221;center&#8221; top_padding=&#8221;135&#8243; bottom_padding=&#8221;0&#8243; text_color=&#8221;dark&#8221; text_align=&#8221;left&#8221; row_border_radius=&#8221;none&#8221; row_border_radius_applies=&#8221;bg&#8221; overflow=&#8221;visible&#8221; overlay_strength=&#8221;0.3&#8243; gradient_direction=&#8221;left_to_right&#8221; shape_divider_position=&#8221;bottom&#8221; bg_image_animation=&#8221;none&#8221; gradient_type=&#8221;default&#8221; shape_type=&#8221;&#8221;][vc_column column_padding=&#8221;no-extra-padding&#8221; column_padding_tablet=&#8221;inherit&#8221; column_padding_phone=&#8221;inherit&#8221; column_padding_position=&#8221;all&#8221; column_element_direction_desktop=&#8221;default&#8221; column_element_spacing=&#8221;default&#8221; desktop_text_alignment=&#8221;default&#8221; tablet_text_alignment=&#8221;default&#8221; phone_text_alignment=&#8221;default&#8221; background_color_opacity=&#8221;1&#8243; background_hover_color_opacity=&#8221;1&#8243; column_backdrop_filter=&#8221;none&#8221; column_shadow=&#8221;none&#8221; column_border_radius=&#8221;none&#8221; column_link_target=&#8221;_self&#8221; column_position=&#8221;default&#8221; gradient_direction=&#8221;left_to_right&#8221; overlay_strength=&#8221;0.3&#8243; width=&#8221;3\/4&#8243; tablet_width_inherit=&#8221;default&#8221; animation_type=&#8221;default&#8221; bg_image_animation=&#8221;none&#8221; border_type=&#8221;simple&#8221; column_border_width=&#8221;none&#8221; column_border_style=&#8221;solid&#8221;][vc_column_text]<div class=\"post-grid-view-filter-outer\">\n<form autocomplete=\"off\" name=\"wpv-filter-445\" action=\"\/sl\/wp-json\/wp\/v2\/pages\/5436?wpv_view_count=445\" method=\"get\" class=\"wpv-filter-form js-wpv-filter-form js-wpv-filter-form-445 js-wpv-form-full js-wpv-dps-enabled js-wpv-ajax-results-enabled\" data-viewnumber=\"445\" data-viewid=\"445\" data-viewhash=\"eyJuYW1lIjoicG9zdC1ncmlkLXdpdGgtZmlsdGVyIn0=\" data-viewwidgetid=\"0\" data-orderby=\"\" data-order=\"\" data-orderbyas=\"\" data-orderbysecond=\"\" data-ordersecond=\"\" data-parametric=\"{&quot;query&quot;:&quot;normal&quot;,&quot;id&quot;:445,&quot;view_id&quot;:445,&quot;widget_id&quot;:0,&quot;view_hash&quot;:&quot;445&quot;,&quot;action&quot;:&quot;\\\/sl\\\/wp-json\\\/wp\\\/v2\\\/pages\\\/5436?wpv_view_count=445&quot;,&quot;sort&quot;:{&quot;orderby&quot;:&quot;&quot;,&quot;order&quot;:&quot;&quot;,&quot;orderby_as&quot;:&quot;&quot;,&quot;orderby_second&quot;:&quot;&quot;,&quot;order_second&quot;:&quot;&quot;},&quot;orderby&quot;:&quot;&quot;,&quot;order&quot;:&quot;&quot;,&quot;orderby_as&quot;:&quot;&quot;,&quot;orderby_second&quot;:&quot;&quot;,&quot;order_second&quot;:&quot;&quot;,&quot;ajax_form&quot;:&quot;&quot;,&quot;ajax_results&quot;:&quot;&quot;,&quot;effect&quot;:&quot;fade&quot;,&quot;prebefore&quot;:&quot;&quot;,&quot;before&quot;:&quot;&quot;,&quot;after&quot;:&quot;&quot;,&quot;attributes&quot;:[],&quot;environment&quot;:{&quot;current_post_id&quot;:5436,&quot;parent_post_id&quot;:5436,&quot;parent_term_id&quot;:0,&quot;parent_user_id&quot;:0,&quot;archive&quot;:{&quot;type&quot;:&quot;&quot;,&quot;name&quot;:&quot;&quot;,&quot;data&quot;:[]}},&quot;loop&quot;:{&quot;type&quot;:&quot;&quot;,&quot;name&quot;:&quot;&quot;,&quot;data&quot;:[],&quot;id&quot;:0}}\" data-attributes=\"[]\" data-environment=\"{&quot;current_post_id&quot;:5436,&quot;parent_post_id&quot;:5436,&quot;parent_term_id&quot;:0,&quot;parent_user_id&quot;:0,&quot;archive&quot;:{&quot;type&quot;:&quot;&quot;,&quot;name&quot;:&quot;&quot;,&quot;data&quot;:[]}}\"><input type=\"hidden\" class=\"js-wpv-dps-filter-data js-wpv-filter-data-for-this-form\" data-action=\"\/sl\/wp-json\/wp\/v2\/pages\/5436?wpv_view_count=445\" data-page=\"1\" data-ajax=\"enable\" data-effect=\"fade\" data-maxpages=\"0\" data-ajaxprebefore=\"\" data-ajaxbefore=\"\" data-ajaxafter=\"\" \/><input class=\"wpv_view_count wpv_view_count-445\" type=\"hidden\" name=\"wpv_view_count\" value=\"445\" \/>\n\n<h3 class=\"top-cat-heading\">Articles<\/h3>\n<div class=\"form-group\">\n\t<div class=\"checkbox\"><label for=\"post_category-uncategorized-ma-sl\"><input type=\"checkbox\" id=\"post_category-uncategorized-ma-sl\" class=\"js-wpv-filter-trigger\" name=\"wpv-category[]\" value=\"uncategorized-ma-sl\" \/>Uncategorized<\/label><\/div><div class=\"checkbox\"><label for=\"post_category-uncategorized-sl\"><input type=\"checkbox\" id=\"post_category-uncategorized-sl\" class=\"js-wpv-filter-trigger\" name=\"wpv-category[]\" value=\"uncategorized-sl\" \/>Uncategorized @sl<\/label><\/div><div class=\"checkbox\"><label for=\"post_category-verrucas-pl-sl\"><input type=\"checkbox\" id=\"post_category-verrucas-pl-sl\" class=\"js-wpv-filter-trigger\" name=\"wpv-category[]\" value=\"verrucas-pl-sl\" \/>Verrucas<\/label><\/div>\n<\/div>\n<span style=\"display:none\" class=\"js-wpv-dps-spinner spinner\"><img decoding=\"async\" src=\"https:\/\/fungex.com\/wp-content\/plugins\/wp-views\/embedded\/res\/img\/ajax-loader3.svg\" \/><\/span>\n<\/form>\n\n<div id=\"wpv-view-layout-445\" class=\"js-wpv-view-layout js-wpv-layout-responsive js-wpv-view-layout-445\" data-viewnumber=\"445\" data-pagination=\"{&quot;id&quot;:445,&quot;query&quot;:&quot;normal&quot;,&quot;type&quot;:&quot;disabled&quot;,&quot;effect&quot;:&quot;fade&quot;,&quot;duration&quot;:500,&quot;speed&quot;:5,&quot;pause_on_hover&quot;:&quot;disabled&quot;,&quot;stop_rollover&quot;:&quot;false&quot;,&quot;cache_pages&quot;:&quot;enabled&quot;,&quot;preload_images&quot;:&quot;enabled&quot;,&quot;preload_pages&quot;:&quot;enabled&quot;,&quot;preload_reach&quot;:1,&quot;spinner&quot;:&quot;builtin&quot;,&quot;spinner_image&quot;:&quot;https:\/\/fungex.com\/wp-content\/plugins\/wp-views\/embedded\/res\/img\/ajax-loader.gif&quot;,&quot;callback_next&quot;:&quot;&quot;,&quot;manage_history&quot;:&quot;enabled&quot;,&quot;has_controls_in_form&quot;:&quot;disabled&quot;,&quot;infinite_tolerance&quot;:&quot;0&quot;,&quot;max_pages&quot;:0,&quot;page&quot;:1,&quot;base_permalink&quot;:&quot;\/sl\/wp-json\/wp\/v2\/pages\/5436?wpv_view_count=445&amp;wpv_paged=WPV_PAGE_NUM&quot;,&quot;loop&quot;:{&quot;type&quot;:&quot;&quot;,&quot;name&quot;:&quot;&quot;,&quot;data&quot;:[],&quot;id&quot;:0}}\" data-permalink=\"\/sl\/wp-json\/wp\/v2\/pages\/5436?wpv_view_count=445\">\n\n\t\n<div class=\"mpbr-flex-grid twee-koloms post-grid-view-with-filter\">\n\t\n\t\n      \n\n\t\t<a class=\"\" href=\"https:\/\/fungex.com\/sl\/understanding-the-5-most-common-types-of-warts\/\" >\n  <div class=\"achtergrond-laag-overflow\">\n\t<div class=\"achtergrond-laag\" style=\"background-image:url(https:\/\/fungex.com\/wp-content\/uploads\/Header_main-1024x577.png);\"><\/div>\n  <\/div>\n  <h3>10 nasvetov za pripravo stopal na poletje<\/h3>\n<\/a>\n\n\t\n      \n\n\t\t<a class=\"\" href=\"https:\/\/fungex.com\/sl\/how-to-avoid-verrucas-this-summer\/\" >\n  <div class=\"achtergrond-laag-overflow\">\n\t<div class=\"achtergrond-laag\" style=\"background-image:url(https:\/\/fungex.com\/wp-content\/uploads\/bathroom.png);\"><\/div>\n  <\/div>\n  <h3>Kaj to\u010dno je glivi\u010dna oku\u017eba nohtov in kako se je znebiti?<\/h3>\n<\/a>\n\n\t\n      \n\n\t\t<a class=\"\" href=\"https:\/\/fungex.com\/sl\/verrucas-unveiled-causes-treatment-and-tips-for-prevention\/\" >\n  <div class=\"achtergrond-laag-overflow\">\n\t<div class=\"achtergrond-laag\" style=\"background-image:url(https:\/\/fungex.com\/wp-content\/uploads\/voeten-1024x1024.jpg);\"><\/div>\n  <\/div>\n  <h3>5 najve\u010djih zmot o glivicah na nohtih<\/h3>\n<\/a>\n\n\t\n      \n\n\t\t<a class=\"\" href=\"https:\/\/fungex.com\/sl\/glivice-na-nohtih-poleti-kako-se-jih-znebiti\/\" >\n  <div class=\"achtergrond-laag-overflow\">\n\t<div class=\"achtergrond-laag\" style=\"background-image:url();\"><\/div>\n  <\/div>\n  <h3>Glivice na nohtih poleti? Kako se jih znebiti<\/h3>\n<\/a>\n\n\t\n\t\n          <\/div>\n\t\n\t\n<\/div>\n\n<\/div>[\/vc_column_text][\/vc_column][vc_column column_padding=&#8221;no-extra-padding&#8221; column_padding_tablet=&#8221;inherit&#8221; column_padding_phone=&#8221;inherit&#8221; column_padding_position=&#8221;all&#8221; column_element_direction_desktop=&#8221;default&#8221; column_element_spacing=&#8221;default&#8221; desktop_text_alignment=&#8221;default&#8221; tablet_text_alignment=&#8221;default&#8221; phone_text_alignment=&#8221;default&#8221; background_color_opacity=&#8221;1&#8243; background_hover_color_opacity=&#8221;1&#8243; column_backdrop_filter=&#8221;none&#8221; column_shadow=&#8221;none&#8221; column_border_radius=&#8221;none&#8221; column_link_target=&#8221;_self&#8221; column_position=&#8221;default&#8221; gradient_direction=&#8221;left_to_right&#8221; overlay_strength=&#8221;0.3&#8243; width=&#8221;1\/4&#8243; tablet_width_inherit=&#8221;default&#8221; animation_type=&#8221;default&#8221; bg_image_animation=&#8221;none&#8221; border_type=&#8221;simple&#8221; column_border_width=&#8221;none&#8221; column_border_style=&#8221;solid&#8221;][vc_column_text el_class=&#8221;top-cat-heading&#8221;]\n<h3>Trending<\/h3>\n[\/vc_column_text][divider line_type=&#8221;Full Width Line&#8221; line_thickness=&#8221;1&#8243; divider_color=&#8221;default&#8221; custom_height=&#8221;30&#8243;][divider line_type=&#8221;No Line&#8221; custom_height=&#8221;30&#8243;][vc_column_text]\n\n\n<div id=\"wpv-view-layout-437\" class=\"js-wpv-view-layout js-wpv-layout-responsive js-wpv-view-layout-437\" data-viewnumber=\"437\" data-pagination=\"{&quot;id&quot;:437,&quot;query&quot;:&quot;normal&quot;,&quot;type&quot;:&quot;disabled&quot;,&quot;effect&quot;:&quot;fade&quot;,&quot;duration&quot;:500,&quot;speed&quot;:5,&quot;pause_on_hover&quot;:&quot;disabled&quot;,&quot;stop_rollover&quot;:&quot;false&quot;,&quot;cache_pages&quot;:&quot;enabled&quot;,&quot;preload_images&quot;:&quot;enabled&quot;,&quot;preload_pages&quot;:&quot;enabled&quot;,&quot;preload_reach&quot;:1,&quot;spinner&quot;:&quot;builtin&quot;,&quot;spinner_image&quot;:&quot;https:\/\/fungex.com\/wp-content\/plugins\/wp-views\/embedded\/res\/img\/ajax-loader.gif&quot;,&quot;callback_next&quot;:&quot;&quot;,&quot;manage_history&quot;:&quot;enabled&quot;,&quot;has_controls_in_form&quot;:&quot;disabled&quot;,&quot;infinite_tolerance&quot;:&quot;0&quot;,&quot;max_pages&quot;:1,&quot;page&quot;:1,&quot;base_permalink&quot;:&quot;\/sl\/wp-json\/wp\/v2\/pages\/5436?wpv_view_count=437&amp;wpv_paged=WPV_PAGE_NUM&quot;,&quot;loop&quot;:{&quot;type&quot;:&quot;&quot;,&quot;name&quot;:&quot;&quot;,&quot;data&quot;:[],&quot;id&quot;:0}}\" data-permalink=\"\/sl\/wp-json\/wp\/v2\/pages\/5436?wpv_view_count=437\">\n\n\t\n<div class=\"post-lijst-view\">\n\t\n\t\n      \n\n\t\t<a class=\"\" href=\"https:\/\/fungex.com\/sl\/understanding-the-5-most-common-types-of-warts\/\" >\n  <div class=\"achtergrond-laag-overflow\">  \n\t<div class=\"achtergrond-laag\" style=\"background-image:url(https:\/\/fungex.com\/wp-content\/uploads\/Header_main-1024x577.png);\"><\/div>\n  <\/div>\n\t<h3>10 nasvetov za pripravo stopal na poletje<\/h3>\n<\/a>\n\n\t\n      \n\n\t\t<a class=\"\" href=\"https:\/\/fungex.com\/sl\/how-to-avoid-verrucas-this-summer\/\" >\n  <div class=\"achtergrond-laag-overflow\">  \n\t<div class=\"achtergrond-laag\" style=\"background-image:url(https:\/\/fungex.com\/wp-content\/uploads\/bathroom.png);\"><\/div>\n  <\/div>\n\t<h3>Kaj to\u010dno je glivi\u010dna oku\u017eba nohtov in kako se je znebiti?<\/h3>\n<\/a>\n\n\t\n      \n\n\t\t<a class=\"\" href=\"https:\/\/fungex.com\/sl\/verrucas-unveiled-causes-treatment-and-tips-for-prevention\/\" >\n  <div class=\"achtergrond-laag-overflow\">  \n\t<div class=\"achtergrond-laag\" style=\"background-image:url(https:\/\/fungex.com\/wp-content\/uploads\/voeten-1024x1024.jpg);\"><\/div>\n  <\/div>\n\t<h3>5 najve\u010djih zmot o glivicah na nohtih<\/h3>\n<\/a>\n\n\t\n      \n\n\t\t<a class=\"\" href=\"https:\/\/fungex.com\/sl\/glivice-na-nohtih-poleti-kako-se-jih-znebiti\/\" >\n  <div class=\"achtergrond-laag-overflow\">  \n\t<div class=\"achtergrond-laag\" style=\"background-image:url();\"><\/div>\n  <\/div>\n\t<h3>Glivice na nohtih poleti? Kako se jih znebiti<\/h3>\n<\/a>\n\n\t\n\t\n          <\/div>\n\t\n\t\n<\/div>\n[\/vc_column_text][\/vc_column][\/vc_row][vc_row type=&#8221;in_container&#8221; full_screen_row_position=&#8221;middle&#8221; column_margin=&#8221;default&#8221; column_direction=&#8221;default&#8221; column_direction_tablet=&#8221;default&#8221; column_direction_phone=&#8221;default&#8221; scene_position=&#8221;center&#8221; text_color=&#8221;dark&#8221; text_align=&#8221;left&#8221; row_border_radius=&#8221;none&#8221; row_border_radius_applies=&#8221;bg&#8221; overflow=&#8221;visible&#8221; overlay_strength=&#8221;0.3&#8243; gradient_direction=&#8221;left_to_right&#8221; shape_divider_position=&#8221;bottom&#8221; bg_image_animation=&#8221;none&#8221;][vc_column column_padding=&#8221;no-extra-padding&#8221; column_padding_tablet=&#8221;inherit&#8221; column_padding_phone=&#8221;inherit&#8221; column_padding_position=&#8221;all&#8221; column_element_direction_desktop=&#8221;default&#8221; column_element_spacing=&#8221;default&#8221; desktop_text_alignment=&#8221;default&#8221; tablet_text_alignment=&#8221;default&#8221; phone_text_alignment=&#8221;default&#8221; background_color_opacity=&#8221;1&#8243; background_hover_color_opacity=&#8221;1&#8243; column_backdrop_filter=&#8221;none&#8221; column_shadow=&#8221;none&#8221; column_border_radius=&#8221;none&#8221; column_link_target=&#8221;_self&#8221; column_position=&#8221;default&#8221; gradient_direction=&#8221;left_to_right&#8221; overlay_strength=&#8221;0.3&#8243; width=&#8221;1\/1&#8243; tablet_width_inherit=&#8221;default&#8221; animation_type=&#8221;default&#8221; bg_image_animation=&#8221;none&#8221; border_type=&#8221;simple&#8221; column_border_width=&#8221;none&#8221; column_border_style=&#8221;solid&#8221;][nectar_global_section id=&#8221;20421&#8243;][\/vc_column][\/vc_row]\n","protected":false},"excerpt":{"rendered":"<p>[vc_row type=&#8221;full_width_background&#8221; full_screen_row_position=&#8221;middle&#8221; column_margin=&#8221;default&#8221; column_direction=&#8221;default&#8221; column_direction_tablet=&#8221;default&#8221; column_direction_phone=&#8221;default&#8221; bg_color=&#8221;#ffffff&#8221; bg_image=&#8221;292&#8243; bg_position=&#8221;center center&#8221; background_image_loading=&#8221;default&#8221; bg_repeat=&#8221;no-repeat&#8221; scene_position=&#8221;center&#8221; top_padding=&#8221;0&#8243; bottom_padding=&#8221;0&#8243; text_color=&#8221;dark&#8221; text_align=&#8221;left&#8221; row_border_radius=&#8221;none&#8221; row_border_radius_applies=&#8221;bg&#8221; overflow=&#8221;visible&#8221; class=&#8221;element__background&#8211;white block__hidden&#8211;mobile&#8221; overlay_strength=&#8221;0.3&#8243; gradient_direction=&#8221;left_to_right&#8221; shape_divider_position=&#8221;bottom&#8221; bg_image_animation=&#8221;none&#8221; gradient_type=&#8221;default&#8221; shape_type=&#8221;&#8221;][vc_column column_padding=&#8221;no-extra-padding&#8221;&#8230;<\/p>\n","protected":false},"author":3,"featured_media":0,"parent":0,"menu_order":0,"comment_status":"closed","ping_status":"closed","template":"","meta":{"footnotes":""},"class_list":["post-5436","page","type-page","status-publish"],"_links":{"self":[{"href":"https:\/\/fungex.com\/sl\/wp-json\/wp\/v2\/pages\/5436","targetHints":{"allow":["GET"]}}],"collection":[{"href":"https:\/\/fungex.com\/sl\/wp-json\/wp\/v2\/pages"}],"about":[{"href":"https:\/\/fungex.com\/sl\/wp-json\/wp\/v2\/types\/page"}],"author":[{"embeddable":true,"href":"https:\/\/fungex.com\/sl\/wp-json\/wp\/v2\/users\/3"}],"replies":[{"embeddable":true,"href":"https:\/\/fungex.com\/sl\/wp-json\/wp\/v2\/comments?post=5436"}],"version-history":[{"count":6,"href":"https:\/\/fungex.com\/sl\/wp-json\/wp\/v2\/pages\/5436\/revisions"}],"predecessor-version":[{"id":21205,"href":"https:\/\/fungex.com\/sl\/wp-json\/wp\/v2\/pages\/5436\/revisions\/21205"}],"wp:attachment":[{"href":"https:\/\/fungex.com\/sl\/wp-json\/wp\/v2\/media?parent=5436"}],"curies":[{"name":"wp","href":"https:\/\/api.w.org\/{rel}","templated":true}]}}