{"id":15718,"date":"2023-11-27T10:29:26","date_gmt":"2023-11-27T09:29:26","guid":{"rendered":"https:\/\/fungex.com\/articles\/"},"modified":"2026-03-12T10:04:41","modified_gmt":"2026-03-12T09:04:41","slug":"blog","status":"publish","type":"page","link":"https:\/\/fungex.com\/bs\/blog\/","title":{"rendered":"BLOG"},"content":{"rendered":"[vc_row type=&#8221;full_width_background&#8221; full_screen_row_position=&#8221;middle&#8221; column_margin=&#8221;default&#8221; column_direction=&#8221;default&#8221; column_direction_tablet=&#8221;default&#8221; column_direction_phone=&#8221;default&#8221; bg_color=&#8221;#ffffff&#8221; bg_image=&#8221;292&#8221; bg_position=&#8221;center center&#8221; background_image_loading=&#8221;default&#8221; bg_repeat=&#8221;no-repeat&#8221; scene_position=&#8221;center&#8221; top_padding=&#8221;0&#8221; bottom_padding=&#8221;0&#8221; text_color=&#8221;dark&#8221; text_align=&#8221;left&#8221; row_border_radius=&#8221;none&#8221; row_border_radius_applies=&#8221;bg&#8221; overflow=&#8221;visible&#8221; class=&#8221;element__background&#8211;white block__hidden&#8211;mobile&#8221; overlay_strength=&#8221;0.3&#8221; gradient_direction=&#8221;left_to_right&#8221; shape_divider_position=&#8221;bottom&#8221; bg_image_animation=&#8221;none&#8221; gradient_type=&#8221;default&#8221; shape_type=&#8221;&#8221;][vc_column column_padding=&#8221;no-extra-padding&#8221; column_padding_tablet=&#8221;inherit&#8221; column_padding_phone=&#8221;inherit&#8221; column_padding_position=&#8221;all&#8221; column_element_direction_desktop=&#8221;default&#8221; column_element_spacing=&#8221;default&#8221; desktop_text_alignment=&#8221;default&#8221; tablet_text_alignment=&#8221;default&#8221; phone_text_alignment=&#8221;default&#8221; background_color_opacity=&#8221;1&#8221; background_hover_color_opacity=&#8221;1&#8221; column_backdrop_filter=&#8221;none&#8221; column_shadow=&#8221;none&#8221; column_border_radius=&#8221;none&#8221; column_link_target=&#8221;_self&#8221; column_position=&#8221;default&#8221; gradient_direction=&#8221;left_to_right&#8221; overlay_strength=&#8221;0.3&#8221; width=&#8221;1\/1&#8221; tablet_width_inherit=&#8221;default&#8221; animation_type=&#8221;default&#8221; bg_image_animation=&#8221;none&#8221; border_type=&#8221;simple&#8221; column_border_width=&#8221;none&#8221; column_border_style=&#8221;solid&#8221; column_padding_type=&#8221;default&#8221; gradient_type=&#8221;default&#8221; offset=&#8221;vc_hidden-md vc_hidden-sm vc_hidden-xs&#8221;][divider line_type=&#8221;No Line&#8221; custom_height=&#8221;100&#8221;][\/vc_column][\/vc_row][vc_row type=&#8221;full_width_background&#8221; full_screen_row_position=&#8221;middle&#8221; column_margin=&#8221;default&#8221; column_direction=&#8221;default&#8221; column_direction_tablet=&#8221;default&#8221; column_direction_phone=&#8221;default&#8221; bg_color=&#8221;#fae905&#8221; scene_position=&#8221;center&#8221; top_padding=&#8221;60&#8221; constrain_group_1=&#8221;yes&#8221; bottom_padding=&#8221;60&#8221; text_color=&#8221;dark&#8221; text_align=&#8221;left&#8221; row_border_radius=&#8221;none&#8221; row_border_radius_applies=&#8221;bg&#8221; overflow=&#8221;visible&#8221; class=&#8221;hero__short&#8221; overlay_strength=&#8221;0.3&#8221; gradient_direction=&#8221;left_to_right&#8221; shape_divider_position=&#8221;bottom&#8221; bg_image_animation=&#8221;none&#8221; gradient_type=&#8221;default&#8221; shape_type=&#8221;&#8221;][vc_column column_padding=&#8221;no-extra-padding&#8221; column_padding_tablet=&#8221;inherit&#8221; column_padding_phone=&#8221;inherit&#8221; column_padding_position=&#8221;all&#8221; column_element_direction_desktop=&#8221;default&#8221; column_element_spacing=&#8221;default&#8221; desktop_text_alignment=&#8221;default&#8221; tablet_text_alignment=&#8221;default&#8221; phone_text_alignment=&#8221;default&#8221; background_color_opacity=&#8221;1&#8221; background_hover_color_opacity=&#8221;1&#8221; column_backdrop_filter=&#8221;none&#8221; column_shadow=&#8221;none&#8221; column_border_radius=&#8221;none&#8221; column_link_target=&#8221;_self&#8221; column_position=&#8221;default&#8221; gradient_direction=&#8221;left_to_right&#8221; overlay_strength=&#8221;0.3&#8221; width=&#8221;1\/1&#8221; tablet_width_inherit=&#8221;default&#8221; animation_type=&#8221;default&#8221; bg_image_animation=&#8221;none&#8221; border_type=&#8221;simple&#8221; column_border_width=&#8221;none&#8221; column_border_style=&#8221;solid&#8221;][vc_row_inner column_margin=&#8221;default&#8221; column_direction=&#8221;default&#8221; column_direction_tablet=&#8221;default&#8221; column_direction_phone=&#8221;default&#8221; text_align=&#8221;left&#8221; row_position=&#8221;default&#8221; row_position_tablet=&#8221;inherit&#8221; row_position_phone=&#8221;inherit&#8221; overflow=&#8221;visible&#8221; pointer_events=&#8221;all&#8221;][vc_column_inner column_padding=&#8221;no-extra-padding&#8221; column_padding_tablet=&#8221;inherit&#8221; column_padding_phone=&#8221;inherit&#8221; column_padding_position=&#8221;all&#8221; column_element_direction_desktop=&#8221;default&#8221; column_element_spacing=&#8221;default&#8221; desktop_text_alignment=&#8221;default&#8221; tablet_text_alignment=&#8221;default&#8221; phone_text_alignment=&#8221;default&#8221; background_color_opacity=&#8221;1&#8221; background_hover_color_opacity=&#8221;1&#8221; column_backdrop_filter=&#8221;none&#8221; font_color=&#8221;#1a4481&#8221; column_shadow=&#8221;none&#8221; column_border_radius=&#8221;none&#8221; column_link_target=&#8221;_self&#8221; overflow=&#8221;visible&#8221; gradient_direction=&#8221;left_to_right&#8221; overlay_strength=&#8221;0.3&#8221; width=&#8221;8\/12&#8221; tablet_width_inherit=&#8221;default&#8221; animation_type=&#8221;default&#8221; enable_animation=&#8221;true&#8221; animation=&#8221;fade-in-from-bottom&#8221; animation_easing=&#8221;default&#8221; bg_image_animation=&#8221;none&#8221; border_type=&#8221;simple&#8221; column_border_width=&#8221;none&#8221; column_border_style=&#8221;solid&#8221; column_padding_type=&#8221;default&#8221; gradient_type=&#8221;default&#8221;][vc_column_text]\n<h1 style=\"color: #173a86 !important;\">Sve \u0161to trebate znati<strong><br \/>\no gljivi\u010dnoj infekciji noktiju<br \/>\n<\/strong><\/h1>\n[\/vc_column_text][\/vc_column_inner][vc_column_inner column_padding=&#8221;no-extra-padding&#8221; column_padding_tablet=&#8221;inherit&#8221; column_padding_phone=&#8221;inherit&#8221; column_padding_position=&#8221;all&#8221; column_element_direction_desktop=&#8221;default&#8221; column_element_spacing=&#8221;default&#8221; desktop_text_alignment=&#8221;default&#8221; tablet_text_alignment=&#8221;default&#8221; phone_text_alignment=&#8221;default&#8221; background_color_opacity=&#8221;1&#8221; background_hover_color_opacity=&#8221;1&#8221; column_backdrop_filter=&#8221;none&#8221; font_color=&#8221;#1a4481&#8221; column_shadow=&#8221;none&#8221; column_border_radius=&#8221;none&#8221; column_link_target=&#8221;_self&#8221; overflow=&#8221;visible&#8221; gradient_direction=&#8221;left_to_right&#8221; overlay_strength=&#8221;0.3&#8221; width=&#8221;4\/12&#8221; tablet_width_inherit=&#8221;default&#8221; animation_type=&#8221;default&#8221; bg_image_animation=&#8221;none&#8221; border_type=&#8221;simple&#8221; column_border_width=&#8221;none&#8221; column_border_style=&#8221;solid&#8221; column_padding_type=&#8221;default&#8221; gradient_type=&#8221;default&#8221;][vc_column_text]Na ovom blogu saznat \u0107ete sve \u0161to trebate znati o gljivi\u010dnoj infekciji noktiju. Otkrijte sve o uzrocima i mogu\u0107nostima lije\u010denja te dobijte savjete kako se nositi sa simptomima gljivica na noktima.[\/vc_column_text][\/vc_column_inner][\/vc_row_inner][\/vc_column][\/vc_row][vc_row type=&#8221;in_container&#8221; full_screen_row_position=&#8221;middle&#8221; column_margin=&#8221;default&#8221; column_direction=&#8221;default&#8221; column_direction_tablet=&#8221;default&#8221; column_direction_phone=&#8221;default&#8221; scene_position=&#8221;center&#8221; top_padding=&#8221;135&#8221; bottom_padding=&#8221;0&#8221; text_color=&#8221;dark&#8221; text_align=&#8221;left&#8221; row_border_radius=&#8221;none&#8221; row_border_radius_applies=&#8221;bg&#8221; overflow=&#8221;visible&#8221; overlay_strength=&#8221;0.3&#8221; gradient_direction=&#8221;left_to_right&#8221; shape_divider_position=&#8221;bottom&#8221; bg_image_animation=&#8221;none&#8221; gradient_type=&#8221;default&#8221; shape_type=&#8221;&#8221;][vc_column column_padding=&#8221;no-extra-padding&#8221; column_padding_tablet=&#8221;inherit&#8221; column_padding_phone=&#8221;inherit&#8221; column_padding_position=&#8221;all&#8221; column_element_direction_desktop=&#8221;default&#8221; column_element_spacing=&#8221;default&#8221; desktop_text_alignment=&#8221;default&#8221; tablet_text_alignment=&#8221;default&#8221; phone_text_alignment=&#8221;default&#8221; background_color_opacity=&#8221;1&#8221; background_hover_color_opacity=&#8221;1&#8221; column_backdrop_filter=&#8221;none&#8221; column_shadow=&#8221;none&#8221; column_border_radius=&#8221;none&#8221; column_link_target=&#8221;_self&#8221; column_position=&#8221;default&#8221; gradient_direction=&#8221;left_to_right&#8221; overlay_strength=&#8221;0.3&#8221; width=&#8221;3\/4&#8221; tablet_width_inherit=&#8221;default&#8221; animation_type=&#8221;default&#8221; bg_image_animation=&#8221;none&#8221; border_type=&#8221;simple&#8221; column_border_width=&#8221;none&#8221; column_border_style=&#8221;solid&#8221;][vc_column_text]<div class=\"post-grid-view-filter-outer\">\n<form autocomplete=\"off\" name=\"wpv-filter-445\" action=\"\/bs\/wp-json\/wp\/v2\/pages\/15718?wpv_view_count=445\" method=\"get\" class=\"wpv-filter-form js-wpv-filter-form js-wpv-filter-form-445 js-wpv-form-full js-wpv-dps-enabled js-wpv-ajax-results-enabled\" data-viewnumber=\"445\" data-viewid=\"445\" data-viewhash=\"eyJuYW1lIjoicG9zdC1ncmlkLXdpdGgtZmlsdGVyIn0=\" data-viewwidgetid=\"0\" data-orderby=\"\" data-order=\"\" data-orderbyas=\"\" data-orderbysecond=\"\" data-ordersecond=\"\" data-parametric=\"{&quot;query&quot;:&quot;normal&quot;,&quot;id&quot;:445,&quot;view_id&quot;:445,&quot;widget_id&quot;:0,&quot;view_hash&quot;:&quot;445&quot;,&quot;action&quot;:&quot;\\\/bs\\\/wp-json\\\/wp\\\/v2\\\/pages\\\/15718?wpv_view_count=445&quot;,&quot;sort&quot;:{&quot;orderby&quot;:&quot;&quot;,&quot;order&quot;:&quot;&quot;,&quot;orderby_as&quot;:&quot;&quot;,&quot;orderby_second&quot;:&quot;&quot;,&quot;order_second&quot;:&quot;&quot;},&quot;orderby&quot;:&quot;&quot;,&quot;order&quot;:&quot;&quot;,&quot;orderby_as&quot;:&quot;&quot;,&quot;orderby_second&quot;:&quot;&quot;,&quot;order_second&quot;:&quot;&quot;,&quot;ajax_form&quot;:&quot;&quot;,&quot;ajax_results&quot;:&quot;&quot;,&quot;effect&quot;:&quot;fade&quot;,&quot;prebefore&quot;:&quot;&quot;,&quot;before&quot;:&quot;&quot;,&quot;after&quot;:&quot;&quot;,&quot;attributes&quot;:[],&quot;environment&quot;:{&quot;current_post_id&quot;:15718,&quot;parent_post_id&quot;:15718,&quot;parent_term_id&quot;:0,&quot;parent_user_id&quot;:0,&quot;archive&quot;:{&quot;type&quot;:&quot;&quot;,&quot;name&quot;:&quot;&quot;,&quot;data&quot;:[]}},&quot;loop&quot;:{&quot;type&quot;:&quot;&quot;,&quot;name&quot;:&quot;&quot;,&quot;data&quot;:[],&quot;id&quot;:0}}\" data-attributes=\"[]\" data-environment=\"{&quot;current_post_id&quot;:15718,&quot;parent_post_id&quot;:15718,&quot;parent_term_id&quot;:0,&quot;parent_user_id&quot;:0,&quot;archive&quot;:{&quot;type&quot;:&quot;&quot;,&quot;name&quot;:&quot;&quot;,&quot;data&quot;:[]}}\"><input type=\"hidden\" class=\"js-wpv-dps-filter-data js-wpv-filter-data-for-this-form\" data-action=\"\/bs\/wp-json\/wp\/v2\/pages\/15718?wpv_view_count=445\" data-page=\"1\" data-ajax=\"enable\" data-effect=\"fade\" data-maxpages=\"0\" data-ajaxprebefore=\"\" data-ajaxbefore=\"\" data-ajaxafter=\"\" \/><input class=\"wpv_view_count wpv_view_count-445\" type=\"hidden\" name=\"wpv_view_count\" value=\"445\" \/>\n\n<h3 class=\"top-cat-heading\">Articles<\/h3>\n<div class=\"form-group\">\n\t<div class=\"checkbox\"><label for=\"post_category-uncategorized-ma-bs\"><input type=\"checkbox\" id=\"post_category-uncategorized-ma-bs\" class=\"js-wpv-filter-trigger\" name=\"wpv-category[]\" value=\"uncategorized-ma-bs\" \/>Uncategorized<\/label><\/div>\n<\/div>\n<span style=\"display:none\" class=\"js-wpv-dps-spinner spinner\"><img decoding=\"async\" src=\"https:\/\/fungex.com\/wp-content\/plugins\/wp-views\/embedded\/res\/img\/ajax-loader3.svg\" \/><\/span>\n<\/form>\n\n<div id=\"wpv-view-layout-445\" class=\"js-wpv-view-layout js-wpv-layout-responsive js-wpv-view-layout-445\" data-viewnumber=\"445\" data-pagination=\"{&quot;id&quot;:445,&quot;query&quot;:&quot;normal&quot;,&quot;type&quot;:&quot;disabled&quot;,&quot;effect&quot;:&quot;fade&quot;,&quot;duration&quot;:500,&quot;speed&quot;:5,&quot;pause_on_hover&quot;:&quot;disabled&quot;,&quot;stop_rollover&quot;:&quot;false&quot;,&quot;cache_pages&quot;:&quot;enabled&quot;,&quot;preload_images&quot;:&quot;enabled&quot;,&quot;preload_pages&quot;:&quot;enabled&quot;,&quot;preload_reach&quot;:1,&quot;spinner&quot;:&quot;builtin&quot;,&quot;spinner_image&quot;:&quot;https:\/\/fungex.com\/wp-content\/plugins\/wp-views\/embedded\/res\/img\/ajax-loader.gif&quot;,&quot;callback_next&quot;:&quot;&quot;,&quot;manage_history&quot;:&quot;enabled&quot;,&quot;has_controls_in_form&quot;:&quot;disabled&quot;,&quot;infinite_tolerance&quot;:&quot;0&quot;,&quot;max_pages&quot;:0,&quot;page&quot;:1,&quot;base_permalink&quot;:&quot;\/bs\/wp-json\/wp\/v2\/pages\/15718?wpv_view_count=445&amp;wpv_paged=WPV_PAGE_NUM&quot;,&quot;loop&quot;:{&quot;type&quot;:&quot;&quot;,&quot;name&quot;:&quot;&quot;,&quot;data&quot;:[],&quot;id&quot;:0}}\" data-permalink=\"\/bs\/wp-json\/wp\/v2\/pages\/15718?wpv_view_count=445\">\n\n\t\n<div class=\"mpbr-flex-grid twee-koloms post-grid-view-with-filter\">\n\t\n\t\n      \n\n\t\t<a class=\"\" href=\"https:\/\/fungex.com\/bs\/4-uobicajene-greske-prilikom-lijecenja-gljivica-na-noktima\/\" >\n  <div class=\"achtergrond-laag-overflow\">\n\t<div class=\"achtergrond-laag\" style=\"background-image:url(https:\/\/fungex.com\/wp-content\/uploads\/Header_main-1024x577.png);\"><\/div>\n  <\/div>\n  <h3>4 uobi\u010dajene gre\u0161ke prilikom lije\u010denja gljivica na noktima<\/h3>\n<\/a>\n\n\t\n      \n\n\t\t<a class=\"\" href=\"https:\/\/fungex.com\/bs\/gljivice-na-noktima-ljeti-kako-ih-se-rijesiti\/\" >\n  <div class=\"achtergrond-laag-overflow\">\n\t<div class=\"achtergrond-laag\" style=\"background-image:url(https:\/\/fungex.com\/wp-content\/uploads\/bathroom.png);\"><\/div>\n  <\/div>\n  <h3>Gljivice na noktima ljeti? Kako ih se rije\u0161iti?<\/h3>\n<\/a>\n\n\t\n      \n\n\t\t<a class=\"\" href=\"https:\/\/fungex.com\/bs\/sta-je-tacno-gljivica-na-noktima-i-kako-je-se-rijesiti\/\" >\n  <div class=\"achtergrond-laag-overflow\">\n\t<div class=\"achtergrond-laag\" style=\"background-image:url(https:\/\/fungex.com\/wp-content\/uploads\/voeten-1024x1024.jpg);\"><\/div>\n  <\/div>\n  <h3>\u0160ta je ta\u010dno gljivica na noktima i kako je se rije\u0161iti?<\/h3>\n<\/a>\n\n\t\n      \n\n\t\t<a class=\"\" href=\"https:\/\/fungex.com\/bs\/10-savjeta-za-pripremu-stopala-za-ljeto\/\" >\n  <div class=\"achtergrond-laag-overflow\">\n\t<div class=\"achtergrond-laag\" style=\"background-image:url();\"><\/div>\n  <\/div>\n  <h3>10 savjeta za pripremu stopala za ljeto<\/h3>\n<\/a>\n\n\t\n\t\n          <\/div>\n\t\n\t\n<\/div>\n\n<\/div>[\/vc_column_text][\/vc_column][vc_column column_padding=&#8221;no-extra-padding&#8221; column_padding_tablet=&#8221;inherit&#8221; column_padding_phone=&#8221;inherit&#8221; column_padding_position=&#8221;all&#8221; column_element_direction_desktop=&#8221;default&#8221; column_element_spacing=&#8221;default&#8221; desktop_text_alignment=&#8221;default&#8221; tablet_text_alignment=&#8221;default&#8221; phone_text_alignment=&#8221;default&#8221; background_color_opacity=&#8221;1&#8221; background_hover_color_opacity=&#8221;1&#8221; column_backdrop_filter=&#8221;none&#8221; column_shadow=&#8221;none&#8221; column_border_radius=&#8221;none&#8221; column_link_target=&#8221;_self&#8221; column_position=&#8221;default&#8221; gradient_direction=&#8221;left_to_right&#8221; overlay_strength=&#8221;0.3&#8221; width=&#8221;1\/4&#8221; tablet_width_inherit=&#8221;default&#8221; animation_type=&#8221;default&#8221; bg_image_animation=&#8221;none&#8221; border_type=&#8221;simple&#8221; column_border_width=&#8221;none&#8221; column_border_style=&#8221;solid&#8221;][vc_column_text el_class=&#8221;top-cat-heading&#8221;]\n<h3>U trendu<\/h3>\n[\/vc_column_text][divider line_type=&#8221;Full Width Line&#8221; line_thickness=&#8221;1&#8221; divider_color=&#8221;default&#8221; custom_height=&#8221;30&#8221;][divider line_type=&#8221;No Line&#8221; custom_height=&#8221;30&#8221;][vc_column_text]\n\n\n<div id=\"wpv-view-layout-437\" class=\"js-wpv-view-layout js-wpv-layout-responsive js-wpv-view-layout-437\" data-viewnumber=\"437\" data-pagination=\"{&quot;id&quot;:437,&quot;query&quot;:&quot;normal&quot;,&quot;type&quot;:&quot;disabled&quot;,&quot;effect&quot;:&quot;fade&quot;,&quot;duration&quot;:500,&quot;speed&quot;:5,&quot;pause_on_hover&quot;:&quot;disabled&quot;,&quot;stop_rollover&quot;:&quot;false&quot;,&quot;cache_pages&quot;:&quot;enabled&quot;,&quot;preload_images&quot;:&quot;enabled&quot;,&quot;preload_pages&quot;:&quot;enabled&quot;,&quot;preload_reach&quot;:1,&quot;spinner&quot;:&quot;builtin&quot;,&quot;spinner_image&quot;:&quot;https:\/\/fungex.com\/wp-content\/plugins\/wp-views\/embedded\/res\/img\/ajax-loader.gif&quot;,&quot;callback_next&quot;:&quot;&quot;,&quot;manage_history&quot;:&quot;enabled&quot;,&quot;has_controls_in_form&quot;:&quot;disabled&quot;,&quot;infinite_tolerance&quot;:&quot;0&quot;,&quot;max_pages&quot;:1,&quot;page&quot;:1,&quot;base_permalink&quot;:&quot;\/bs\/wp-json\/wp\/v2\/pages\/15718?wpv_view_count=437&amp;wpv_paged=WPV_PAGE_NUM&quot;,&quot;loop&quot;:{&quot;type&quot;:&quot;&quot;,&quot;name&quot;:&quot;&quot;,&quot;data&quot;:[],&quot;id&quot;:0}}\" data-permalink=\"\/bs\/wp-json\/wp\/v2\/pages\/15718?wpv_view_count=437\">\n\n\t\n<div class=\"post-lijst-view\">\n\t\n\t\n      \n\n\t\t<a class=\"\" href=\"https:\/\/fungex.com\/bs\/4-uobicajene-greske-prilikom-lijecenja-gljivica-na-noktima\/\" >\n  <div class=\"achtergrond-laag-overflow\">  \n\t<div class=\"achtergrond-laag\" style=\"background-image:url(https:\/\/fungex.com\/wp-content\/uploads\/Header_main-1024x577.png);\"><\/div>\n  <\/div>\n\t<h3>4 uobi\u010dajene gre\u0161ke prilikom lije\u010denja gljivica na noktima<\/h3>\n<\/a>\n\n\t\n      \n\n\t\t<a class=\"\" href=\"https:\/\/fungex.com\/bs\/gljivice-na-noktima-ljeti-kako-ih-se-rijesiti\/\" >\n  <div class=\"achtergrond-laag-overflow\">  \n\t<div class=\"achtergrond-laag\" style=\"background-image:url(https:\/\/fungex.com\/wp-content\/uploads\/bathroom.png);\"><\/div>\n  <\/div>\n\t<h3>Gljivice na noktima ljeti? Kako ih se rije\u0161iti?<\/h3>\n<\/a>\n\n\t\n      \n\n\t\t<a class=\"\" href=\"https:\/\/fungex.com\/bs\/sta-je-tacno-gljivica-na-noktima-i-kako-je-se-rijesiti\/\" >\n  <div class=\"achtergrond-laag-overflow\">  \n\t<div class=\"achtergrond-laag\" style=\"background-image:url(https:\/\/fungex.com\/wp-content\/uploads\/voeten-1024x1024.jpg);\"><\/div>\n  <\/div>\n\t<h3>\u0160ta je ta\u010dno gljivica na noktima i kako je se rije\u0161iti?<\/h3>\n<\/a>\n\n\t\n      \n\n\t\t<a class=\"\" href=\"https:\/\/fungex.com\/bs\/10-savjeta-za-pripremu-stopala-za-ljeto\/\" >\n  <div class=\"achtergrond-laag-overflow\">  \n\t<div class=\"achtergrond-laag\" style=\"background-image:url();\"><\/div>\n  <\/div>\n\t<h3>10 savjeta za pripremu stopala za ljeto<\/h3>\n<\/a>\n\n\t\n\t\n          <\/div>\n\t\n\t\n<\/div>\n[\/vc_column_text][\/vc_column][\/vc_row][vc_row type=&#8221;in_container&#8221; full_screen_row_position=&#8221;middle&#8221; column_margin=&#8221;default&#8221; column_direction=&#8221;default&#8221; column_direction_tablet=&#8221;default&#8221; column_direction_phone=&#8221;default&#8221; scene_position=&#8221;center&#8221; text_color=&#8221;dark&#8221; text_align=&#8221;left&#8221; row_border_radius=&#8221;none&#8221; row_border_radius_applies=&#8221;bg&#8221; overflow=&#8221;visible&#8221; overlay_strength=&#8221;0.3&#8221; gradient_direction=&#8221;left_to_right&#8221; shape_divider_position=&#8221;bottom&#8221; bg_image_animation=&#8221;none&#8221;][vc_column column_padding=&#8221;no-extra-padding&#8221; column_padding_tablet=&#8221;inherit&#8221; column_padding_phone=&#8221;inherit&#8221; column_padding_position=&#8221;all&#8221; column_element_direction_desktop=&#8221;default&#8221; column_element_spacing=&#8221;default&#8221; desktop_text_alignment=&#8221;default&#8221; tablet_text_alignment=&#8221;default&#8221; phone_text_alignment=&#8221;default&#8221; background_color_opacity=&#8221;1&#8221; background_hover_color_opacity=&#8221;1&#8221; column_backdrop_filter=&#8221;none&#8221; column_shadow=&#8221;none&#8221; column_border_radius=&#8221;none&#8221; column_link_target=&#8221;_self&#8221; column_position=&#8221;default&#8221; gradient_direction=&#8221;left_to_right&#8221; overlay_strength=&#8221;0.3&#8221; width=&#8221;1\/1&#8221; tablet_width_inherit=&#8221;default&#8221; animation_type=&#8221;default&#8221; bg_image_animation=&#8221;none&#8221; border_type=&#8221;simple&#8221; column_border_width=&#8221;none&#8221; column_border_style=&#8221;solid&#8221;][nectar_global_section id=&#8221;20421&#8221;][\/vc_column][\/vc_row]\n","protected":false},"excerpt":{"rendered":"<p>[vc_row type=&#8221;full_width_background&#8221; full_screen_row_position=&#8221;middle&#8221; column_margin=&#8221;default&#8221; column_direction=&#8221;default&#8221; column_direction_tablet=&#8221;default&#8221; column_direction_phone=&#8221;default&#8221; bg_color=&#8221;#ffffff&#8221; bg_image=&#8221;292&#8221; bg_position=&#8221;center center&#8221; background_image_loading=&#8221;default&#8221; bg_repeat=&#8221;no-repeat&#8221; scene_position=&#8221;center&#8221; top_padding=&#8221;0&#8221; bottom_padding=&#8221;0&#8221; text_color=&#8221;dark&#8221; text_align=&#8221;left&#8221; row_border_radius=&#8221;none&#8221; row_border_radius_applies=&#8221;bg&#8221; overflow=&#8221;visible&#8221; class=&#8221;element__background&#8211;white block__hidden&#8211;mobile&#8221; overlay_strength=&#8221;0.3&#8221; gradient_direction=&#8221;left_to_right&#8221; shape_divider_position=&#8221;bottom&#8221; bg_image_animation=&#8221;none&#8221; gradient_type=&#8221;default&#8221; shape_type=&#8221;&#8221;][vc_column column_padding=&#8221;no-extra-padding&#8221;&#8230;<\/p>\n","protected":false},"author":3,"featured_media":0,"parent":0,"menu_order":0,"comment_status":"closed","ping_status":"closed","template":"","meta":{"footnotes":""},"class_list":["post-15718","page","type-page","status-publish"],"_links":{"self":[{"href":"https:\/\/fungex.com\/bs\/wp-json\/wp\/v2\/pages\/15718","targetHints":{"allow":["GET"]}}],"collection":[{"href":"https:\/\/fungex.com\/bs\/wp-json\/wp\/v2\/pages"}],"about":[{"href":"https:\/\/fungex.com\/bs\/wp-json\/wp\/v2\/types\/page"}],"author":[{"embeddable":true,"href":"https:\/\/fungex.com\/bs\/wp-json\/wp\/v2\/users\/3"}],"replies":[{"embeddable":true,"href":"https:\/\/fungex.com\/bs\/wp-json\/wp\/v2\/comments?post=15718"}],"version-history":[{"count":5,"href":"https:\/\/fungex.com\/bs\/wp-json\/wp\/v2\/pages\/15718\/revisions"}],"predecessor-version":[{"id":21197,"href":"https:\/\/fungex.com\/bs\/wp-json\/wp\/v2\/pages\/15718\/revisions\/21197"}],"wp:attachment":[{"href":"https:\/\/fungex.com\/bs\/wp-json\/wp\/v2\/media?parent=15718"}],"curies":[{"name":"wp","href":"https:\/\/api.w.org\/{rel}","templated":true}]}}